{"id":51927,"date":"2024-10-03T08:18:50","date_gmt":"2024-10-03T08:18:50","guid":{"rendered":"https:\/\/www.inocapgestion.com\/current-funds\/"},"modified":"2026-03-26T13:58:42","modified_gmt":"2026-03-26T13:58:42","slug":"current-funds","status":"publish","type":"page","link":"https:\/\/www.inocapgestion.com\/en\/current-funds\/","title":{"rendered":"Current funds"},"content":{"rendered":"\t\t<div data-elementor-type=\"wp-page\" data-elementor-id=\"51927\" class=\"elementor elementor-51927 elementor-50109\" data-elementor-post-type=\"page\">\n\t\t\t\t<div class=\"elementor-element elementor-element-80e1dea e-con-full e-flex e-con e-parent\" data-id=\"80e1dea\" data-element_type=\"container\" data-e-type=\"container\" data-settings=\"{&quot;background_background&quot;:&quot;video&quot;,&quot;background_video_link&quot;:&quot;https:\\\/\\\/www.inocapgestion.com\\\/wp-content\\\/uploads\\\/2024\\\/05\\\/Inocap-06.mp4&quot;,&quot;background_play_on_mobile&quot;:&quot;yes&quot;}\">\n\t\t<div class=\"elementor-background-video-container\">\n\t\t\t\t\t\t\t<video class=\"elementor-background-video-hosted\" role=\"presentation\" autoplay muted playsinline loop><\/video>\n\t\t\t\t\t<\/div><div class=\"elementor-element elementor-element-aa59cf8 e-flex e-con-boxed e-con e-child\" data-id=\"aa59cf8\" data-element_type=\"container\" data-e-type=\"container\">\n\t\t\t\t\t<div class=\"e-con-inner\">\n\t\t<div class=\"elementor-element elementor-element-c9ed8fc e-con-full e-flex e-con e-child\" data-id=\"c9ed8fc\" data-element_type=\"container\" data-e-type=\"container\">\n\t\t<div class=\"elementor-element elementor-element-0f5254d e-flex e-con-boxed e-con e-child\" data-id=\"0f5254d\" data-element_type=\"container\" data-e-type=\"container\">\n\t\t\t\t\t<div class=\"e-con-inner\">\n\t\t\t\t<div class=\"elementor-element elementor-element-b1f50ce elementor-invisible elementor-widget elementor-widget-heading\" data-id=\"b1f50ce\" data-element_type=\"widget\" data-e-type=\"widget\" data-settings=\"{&quot;_animation&quot;:&quot;fadeIn&quot;,&quot;_animation_delay&quot;:200}\" data-widget_type=\"heading.default\">\n\t\t\t\t<div class=\"elementor-widget-container\">\n\t\t\t\t\t<h2 class=\"elementor-heading-title elementor-size-default\">FIA during its lifetime<\/h2>\t\t\t\t<\/div>\n\t\t\t\t<\/div>\n\t\t\t\t\t<\/div>\n\t\t\t\t<\/div>\n\t\t\t\t<\/div>\n\t\t\t\t\t<\/div>\n\t\t\t\t<\/div>\n\t\t\t\t<\/div>\n\t\t<div class=\"elementor-element elementor-element-55d2f09 e-flex e-con-boxed e-con e-parent\" data-id=\"55d2f09\" data-element_type=\"container\" data-e-type=\"container\">\n\t\t\t\t\t<div class=\"e-con-inner\">\n\t\t\t\t<div class=\"elementor-element elementor-element-47b3c58 elementor-widget elementor-widget-accordion\" data-id=\"47b3c58\" data-element_type=\"widget\" data-e-type=\"widget\" data-widget_type=\"accordion.default\">\n\t\t\t\t<div class=\"elementor-widget-container\">\n\t\t\t\t\t\t\t<div class=\"elementor-accordion\">\n\t\t\t\t\t\t\t<div class=\"elementor-accordion-item\">\n\t\t\t\t\t<div id=\"elementor-tab-title-7511\" class=\"elementor-tab-title\" data-tab=\"1\" role=\"button\" aria-controls=\"elementor-tab-content-7511\" aria-expanded=\"false\">\n\t\t\t\t\t\t\t\t\t\t\t\t\t<span class=\"elementor-accordion-icon elementor-accordion-icon-left\" aria-hidden=\"true\">\n\t\t\t\t\t\t\t\t\t\t\t\t\t\t\t<span class=\"elementor-accordion-icon-closed\"><svg class=\"e-font-icon-svg e-fas-plus\" viewBox=\"0 0 448 512\" xmlns=\"http:\/\/www.w3.org\/2000\/svg\"><path d=\"M416 208H272V64c0-17.67-14.33-32-32-32h-32c-17.67 0-32 14.33-32 32v144H32c-17.67 0-32 14.33-32 32v32c0 17.67 14.33 32 32 32h144v144c0 17.67 14.33 32 32 32h32c17.67 0 32-14.33 32-32V304h144c17.67 0 32-14.33 32-32v-32c0-17.67-14.33-32-32-32z\"><\/path><\/svg><\/span>\n\t\t\t\t\t\t\t\t<span class=\"elementor-accordion-icon-opened\"><svg class=\"e-font-icon-svg e-fas-minus\" viewBox=\"0 0 448 512\" xmlns=\"http:\/\/www.w3.org\/2000\/svg\"><path d=\"M416 208H32c-17.67 0-32 14.33-32 32v32c0 17.67 14.33 32 32 32h384c17.67 0 32-14.33 32-32v-32c0-17.67-14.33-32-32-32z\"><\/path><\/svg><\/span>\n\t\t\t\t\t\t\t\t\t\t\t\t\t\t<\/span>\n\t\t\t\t\t\t\t\t\t\t\t\t<a class=\"elementor-accordion-title\" tabindex=\"0\">Your newsletter<\/a>\n\t\t\t\t\t<\/div>\n\t\t\t\t\t<div id=\"elementor-tab-content-7511\" class=\"elementor-tab-content elementor-clearfix\" data-tab=\"1\" role=\"region\" aria-labelledby=\"elementor-tab-title-7511\"><div class=\"_df_book df-lite\" id=\"df_56361\"  _slug=\"fia-2025-2\" data-title=\"fia-2025\" wpoptions=\"true\" thumbtype=\"\" ><\/div><script class=\"df-shortcode-script\" nowprocket type=\"application\/javascript\">window.option_df_56361 = {\"outline\":[],\"autoEnableOutline\":\"false\",\"autoEnableThumbnail\":\"false\",\"overwritePDFOutline\":\"false\",\"direction\":\"1\",\"pageSize\":\"0\",\"source\":\"https:\\\/\\\/www.inocapgestion.com\\\/wp-content\\\/uploads\\\/Reporting-QI2020_S2_2025.pdf\",\"wpOptions\":\"true\"}; if(window.DFLIP && window.DFLIP.parseBooks){window.DFLIP.parseBooks();}<\/script>\n<\/div>\n\t\t\t\t<\/div>\n\t\t\t\t\t\t\t<div class=\"elementor-accordion-item\">\n\t\t\t\t\t<div id=\"elementor-tab-title-7512\" class=\"elementor-tab-title\" data-tab=\"2\" role=\"button\" aria-controls=\"elementor-tab-content-7512\" aria-expanded=\"false\">\n\t\t\t\t\t\t\t\t\t\t\t\t\t<span class=\"elementor-accordion-icon elementor-accordion-icon-left\" aria-hidden=\"true\">\n\t\t\t\t\t\t\t\t\t\t\t\t\t\t\t<span class=\"elementor-accordion-icon-closed\"><svg class=\"e-font-icon-svg e-fas-plus\" viewBox=\"0 0 448 512\" xmlns=\"http:\/\/www.w3.org\/2000\/svg\"><path d=\"M416 208H272V64c0-17.67-14.33-32-32-32h-32c-17.67 0-32 14.33-32 32v144H32c-17.67 0-32 14.33-32 32v32c0 17.67 14.33 32 32 32h144v144c0 17.67 14.33 32 32 32h32c17.67 0 32-14.33 32-32V304h144c17.67 0 32-14.33 32-32v-32c0-17.67-14.33-32-32-32z\"><\/path><\/svg><\/span>\n\t\t\t\t\t\t\t\t<span class=\"elementor-accordion-icon-opened\"><svg class=\"e-font-icon-svg e-fas-minus\" viewBox=\"0 0 448 512\" xmlns=\"http:\/\/www.w3.org\/2000\/svg\"><path d=\"M416 208H32c-17.67 0-32 14.33-32 32v32c0 17.67 14.33 32 32 32h384c17.67 0 32-14.33 32-32v-32c0-17.67-14.33-32-32-32z\"><\/path><\/svg><\/span>\n\t\t\t\t\t\t\t\t\t\t\t\t\t\t<\/span>\n\t\t\t\t\t\t\t\t\t\t\t\t<a class=\"elementor-accordion-title\" tabindex=\"0\">FCPI QI 2020<\/a>\n\t\t\t\t\t<\/div>\n\t\t\t\t\t<div id=\"elementor-tab-content-7512\" class=\"elementor-tab-content elementor-clearfix\" data-tab=\"2\" role=\"region\" aria-labelledby=\"elementor-tab-title-7512\"><div class=\"vc_column-inner vc_custom_1483981594727\">\n<div class=\"wpb_wrapper\">\n<div class=\"vc_row wpb_row vc_inner vc_row-fluid\">\n<div class=\"wpb_column vc_column_container vc_col-sm-12\">\n<div class=\"vc_column-inner\">\n<div class=\"wpb_wrapper\">\n<div class=\"vc_empty_space\" style=\"height: 35px;\"> <\/div>\n<p class=\"vc_custom_heading uppercase\" style=\"font-size: 24px; color: #000000; line-height: 36px; text-align: center; font-family: Roboto; font-weight: 300; font-style: normal;\">Features<\/p>\n<div class=\"vc_empty_space\" style=\"height: 15px;\"> <\/div>\n<\/div>\n<\/div>\n<\/div>\n<\/div>\n<div class=\"vc_row wpb_row vc_inner vc_row-fluid\">\n<div class=\"wpb_column vc_column_container vc_col-sm-4\">\n<div class=\"vc_column-inner\">\n<div class=\"wpb_wrapper\">\n<div class=\"wpb_single_image wpb_content_element vc_align_left wpb_animate_when_almost_visible wpb_left-to-right left-to-right wpb_start_animation animated\">\n<figure class=\"wpb_wrapper vc_figure\">\n<div class=\"vc_single_image-wrapper vc_box_border_grey\"><img loading=\"lazy\" decoding=\"async\" class=\"vc_single_image-img \" title=\"QI2020 brochure\" src=\"https:\/\/www.inocapgestion.com\/wp-content\/uploads\/2021\/09\/plaquette-QI2020-270x372.jpg\" alt=\"QI2020 brochure\" width=\"270\" height=\"372\"><\/div>\n<\/figure>\n<\/div>\n<\/div>\n<\/div>\n<\/div>\n<div class=\"wpb_column vc_column_container vc_col-sm-4\">\n<div class=\"vc_column-inner\">\n<div class=\"wpb_wrapper\">\n<div class=\"vc_empty_space\" style=\"height: 8px;\"> <\/div>\n<div class=\"blockcolumns clearfix\">\n<div class=\"col-md-6 black valign\">NAV at December 31, 2025<\/div>\n<div class=\"col-md-6 orange valign\">23,07\u20ac<\/div>\n<\/div>\n<div class=\"blockcolumns clearfix\">\n<div class=\"col-md-6 black valign\">Performance<br \/>without tax benefits<\/div>\n<div class=\"col-md-6 orange valign\">-76,93%<\/div>\n<\/div>\n<div class=\"blockcolumns clearfix\">\n<div class=\"col-md-6 black valign\">Category<\/div>\n<div class=\"col-md-6 orange valign\">FCPI<\/div>\n<\/div>\n<div class=\"blockcolumns clearfix\">\n<div class=\"col-md-6 black valign\">Taxation<\/div>\n<div class=\"col-md-6 orange valign\">IR<\/div>\n<\/div>\n<div class=\"blockcolumns clearfix\">\n<div class=\"col-md-6 black valign\">Vintage<\/div>\n<div class=\"col-md-6 orange valign\">2020<\/div>\n<\/div>\n<div class=\"blockcolumns clearfix\">\n<div class=\"col-md-6 black valign\">IR reduction<\/div>\n<div class=\"col-md-6 orange valign\">22,5%<\/div>\n<\/div>\n<\/div>\n<\/div>\n<\/div>\n<div class=\"wpb_column vc_column_container vc_col-sm-4\">\n<div class=\"vc_column-inner\">\n<div class=\"wpb_wrapper\">\n<div class=\"vc_empty_space\" style=\"height: 8px;\"> <\/div>\n<div class=\"blockcolumns clearfix\">\n<div class=\"col-md-6 black valign\">ISF reduction<\/div>\n<div class=\"col-md-6 orange valign\">0%<\/div>\n<\/div>\n<div class=\"blockcolumns clearfix\">\n<div class=\"col-md-6 black valign\">Minimum Fund end date<\/div>\n<div class=\"col-md-6 orange valign\">31\/12\/2026<\/div>\n<\/div>\n<div class=\"blockcolumns clearfix\">\n<div class=\"col-md-6 black valign\">Maximum Fund end date<\/div>\n<div class=\"col-md-6 orange valign\">31\/12\/2027<\/div>\n<\/div>\n<div class=\"blockcolumns clearfix\">\n<div class=\"col-md-6 black valign\">Fund duration<\/div>\n<div class=\"col-md-6 orange valign\">6 to 7 years<\/div>\n<\/div>\n<div class=\"blockcolumns clearfix\">\n<div class=\"col-md-6 black valign\">ISIN code<\/div>\n<div class=\"col-md-6 orange valign\">FR0050000274<\/div>\n<\/div>\n<\/div>\n<\/div>\n<\/div>\n<\/div>\n<div class=\"vc_row wpb_row vc_inner vc_row-fluid\">\n<div class=\"wpb_column vc_column_container vc_col-sm-12\">\n<div class=\"vc_column-inner\">\n<div class=\"wpb_wrapper\">\n<div class=\"vc_empty_space\" style=\"height: 35px;\"> <\/div>\n<p class=\"vc_custom_heading uppercase\" style=\"font-size: 24px; color: #000000; line-height: 36px; text-align: center; font-family: Roboto; font-weight: 300; font-style: normal;\">Download<\/p>\n<div class=\"vc_empty_space\" style=\"height: 15px;\"> <\/div>\n<\/div>\n<\/div>\n<\/div>\n<\/div>\n<div class=\"vc_row wpb_row vc_inner vc_row-fluid vc_column-gap-15\">\n<div class=\"wpb_column vc_column_container vc_col-sm-2\">\n<div class=\"vc_column-inner\">\n<div class=\"wpb_wrapper\"> <\/div>\n<\/div>\n<\/div>\n<div class=\"wpb_column vc_column_container vc_col-sm-2\">\n<div class=\"vc_column-inner\">\n<div class=\"wpb_wrapper\">\n<div class=\"text-center inocap-dl \">\n<div class=\"content\">\n<p><img decoding=\"async\" class=\"current\" src=\"https:\/\/www.inocapgestion.com\/wp-content\/uploads\/2021\/03\/DICI-prospectus-1.png\"><br \/><img decoding=\"async\" class=\"hover\" src=\"https:\/\/www.inocapgestion.com\/wp-content\/uploads\/2021\/03\/test-2-4.png\"><\/p>\n<p>DICI<\/p>\n<\/div>\n<\/div>\n<\/div>\n<\/div>\n<\/div>\n<div class=\"wpb_column vc_column_container vc_col-sm-2\">\n<div class=\"vc_column-inner\">\n<div class=\"wpb_wrapper\">\n<div class=\"text-center inocap-dl \">\n<div class=\"content\">\n<p><img decoding=\"async\" class=\"current\" src=\"https:\/\/www.inocapgestion.com\/wp-content\/uploads\/2021\/03\/DICI-prospectus-1.png\"><br \/><img decoding=\"async\" class=\"hover\" src=\"https:\/\/www.inocapgestion.com\/wp-content\/uploads\/2021\/03\/test-2-4.png\"><\/p>\n<p>Regulations<\/p>\n<\/div>\n<\/div>\n<\/div>\n<\/div>\n<\/div>\n<div class=\"wpb_column vc_column_container vc_col-sm-2\">\n<div class=\"vc_column-inner\">\n<div class=\"wpb_wrapper\">\n<div class=\"text-center inocap-dl \">\n<div class=\"content\">\n<p><img decoding=\"async\" class=\"current\" src=\"https:\/\/www.inocapgestion.com\/wp-content\/uploads\/2021\/03\/plaquette-1.png\"><br \/><img decoding=\"async\" class=\"hover\" src=\"https:\/\/www.inocapgestion.com\/wp-content\/uploads\/2021\/03\/test-6-1.png\"><\/p>\n<p>Brochure<\/p>\n<\/div>\n<\/div>\n<\/div>\n<\/div>\n<\/div>\n<div class=\"wpb_column vc_column_container vc_col-sm-2\">\n<div class=\"vc_column-inner\">\n<div class=\"wpb_wrapper\">\n<div class=\"text-center inocap-dl \">\n<div class=\"content\">\n<p><img decoding=\"async\" class=\"current\" src=\"https:\/\/www.inocapgestion.com\/wp-content\/uploads\/2021\/03\/reporting.png\"><br \/><img decoding=\"async\" class=\"hover\" src=\"https:\/\/www.inocapgestion.com\/wp-content\/uploads\/2021\/03\/test-5-1.png\"><\/p>\n<p>Reporting<\/p>\n<\/div>\n<\/div>\n<\/div>\n<\/div>\n<\/div>\n<\/div>\n<\/div>\n<\/div>\n<\/div>\n\t\t\t\t<\/div>\n\t\t\t\t\t\t\t\t<\/div>\n\t\t\t\t\t\t<\/div>\n\t\t\t\t<\/div>\n\t\t\t\t\t<\/div>\n\t\t\t\t<\/div>\n\t\t\t\t<\/div>\n\t\t","protected":false},"excerpt":{"rendered":"<p>FIA during its lifetime Your newsletter FCPI QI 2020 Features NAV at December 31, 2025 23,07\u20ac Performancewithout tax benefits -76,93% Category FCPI Taxation IR Vintage 2020 IR reduction 22,5% ISF reduction 0% Minimum Fund end date 31\/12\/2026 Maximum Fund end date 31\/12\/2027 Fund duration 6 to 7 years ISIN code FR0050000274 Download DICI Regulations Brochure [&hellip;]<\/p>\n","protected":false},"author":1,"featured_media":0,"parent":0,"menu_order":0,"comment_status":"closed","ping_status":"closed","template":"","meta":{"inline_featured_image":false,"footnotes":""},"class_list":["post-51927","page","type-page","status-publish","hentry"],"yoast_head":"<!-- This site is optimized with the Yoast SEO plugin v27.5 - https:\/\/yoast.com\/product\/yoast-seo-wordpress\/ -->\n<title>Current funds - Inocap Gestion<\/title>\n<meta name=\"robots\" content=\"index, follow, max-snippet:-1, max-image-preview:large, max-video-preview:-1\" \/>\n<link rel=\"canonical\" href=\"https:\/\/www.inocapgestion.com\/en\/current-funds\/\" \/>\n<meta property=\"og:locale\" content=\"en_US\" \/>\n<meta property=\"og:type\" content=\"article\" \/>\n<meta property=\"og:title\" content=\"Current funds - Inocap Gestion\" \/>\n<meta property=\"og:description\" content=\"FIA during its lifetime Your newsletter FCPI QI 2020 Features NAV at December 31, 2025 23,07\u20ac Performancewithout tax benefits -76,93% Category FCPI Taxation IR Vintage 2020 IR reduction 22,5% ISF reduction 0% Minimum Fund end date 31\/12\/2026 Maximum Fund end date 31\/12\/2027 Fund duration 6 to 7 years ISIN code FR0050000274 Download DICI Regulations Brochure [&hellip;]\" \/>\n<meta property=\"og:url\" content=\"https:\/\/www.inocapgestion.com\/en\/current-funds\/\" \/>\n<meta property=\"og:site_name\" content=\"Inocap Gestion\" \/>\n<meta property=\"article:modified_time\" content=\"2026-03-26T13:58:42+00:00\" \/>\n<meta property=\"og:image\" content=\"https:\/\/www.inocapgestion.com\/wp-content\/uploads\/2021\/09\/plaquette-QI2020-270x372.jpg\" \/>\n<meta name=\"twitter:card\" content=\"summary_large_image\" \/>\n<script type=\"application\/ld+json\" class=\"yoast-schema-graph\">{\"@context\":\"https:\\\/\\\/schema.org\",\"@graph\":[{\"@type\":\"WebPage\",\"@id\":\"https:\\\/\\\/www.inocapgestion.com\\\/en\\\/current-funds\\\/\",\"url\":\"https:\\\/\\\/www.inocapgestion.com\\\/en\\\/current-funds\\\/\",\"name\":\"Current funds - Inocap Gestion\",\"isPartOf\":{\"@id\":\"https:\\\/\\\/www.inocapgestion.com\\\/#website\"},\"primaryImageOfPage\":{\"@id\":\"https:\\\/\\\/www.inocapgestion.com\\\/en\\\/current-funds\\\/#primaryimage\"},\"image\":{\"@id\":\"https:\\\/\\\/www.inocapgestion.com\\\/en\\\/current-funds\\\/#primaryimage\"},\"thumbnailUrl\":\"https:\\\/\\\/www.inocapgestion.com\\\/wp-content\\\/uploads\\\/2021\\\/09\\\/plaquette-QI2020-270x372.jpg\",\"datePublished\":\"2024-10-03T08:18:50+00:00\",\"dateModified\":\"2026-03-26T13:58:42+00:00\",\"breadcrumb\":{\"@id\":\"https:\\\/\\\/www.inocapgestion.com\\\/en\\\/current-funds\\\/#breadcrumb\"},\"inLanguage\":\"en-US\",\"potentialAction\":[{\"@type\":\"ReadAction\",\"target\":[\"https:\\\/\\\/www.inocapgestion.com\\\/en\\\/current-funds\\\/\"]}]},{\"@type\":\"ImageObject\",\"inLanguage\":\"en-US\",\"@id\":\"https:\\\/\\\/www.inocapgestion.com\\\/en\\\/current-funds\\\/#primaryimage\",\"url\":\"https:\\\/\\\/www.inocapgestion.com\\\/wp-content\\\/uploads\\\/2021\\\/09\\\/plaquette-QI2020-270x372.jpg\",\"contentUrl\":\"https:\\\/\\\/www.inocapgestion.com\\\/wp-content\\\/uploads\\\/2021\\\/09\\\/plaquette-QI2020-270x372.jpg\"},{\"@type\":\"BreadcrumbList\",\"@id\":\"https:\\\/\\\/www.inocapgestion.com\\\/en\\\/current-funds\\\/#breadcrumb\",\"itemListElement\":[{\"@type\":\"ListItem\",\"position\":1,\"name\":\"Accueil\",\"item\":\"https:\\\/\\\/www.inocapgestion.com\\\/en\\\/home\\\/\"},{\"@type\":\"ListItem\",\"position\":2,\"name\":\"Current funds\"}]},{\"@type\":\"WebSite\",\"@id\":\"https:\\\/\\\/www.inocapgestion.com\\\/#website\",\"url\":\"https:\\\/\\\/www.inocapgestion.com\\\/\",\"name\":\"Inocap Gestion\",\"description\":\"Soci\u00e9t\u00e9 de Gestion de portefeuilles ind\u00e9pendante\",\"publisher\":{\"@id\":\"https:\\\/\\\/www.inocapgestion.com\\\/#organization\"},\"potentialAction\":[{\"@type\":\"SearchAction\",\"target\":{\"@type\":\"EntryPoint\",\"urlTemplate\":\"https:\\\/\\\/www.inocapgestion.com\\\/?s={search_term_string}\"},\"query-input\":{\"@type\":\"PropertyValueSpecification\",\"valueRequired\":true,\"valueName\":\"search_term_string\"}}],\"inLanguage\":\"en-US\"},{\"@type\":\"Organization\",\"@id\":\"https:\\\/\\\/www.inocapgestion.com\\\/#organization\",\"name\":\"Inocap Gestion\",\"url\":\"https:\\\/\\\/www.inocapgestion.com\\\/\",\"logo\":{\"@type\":\"ImageObject\",\"inLanguage\":\"en-US\",\"@id\":\"https:\\\/\\\/www.inocapgestion.com\\\/#\\\/schema\\\/logo\\\/image\\\/\",\"url\":\"https:\\\/\\\/www.inocapgestion.com\\\/wp-content\\\/uploads\\\/Logo.png\",\"contentUrl\":\"https:\\\/\\\/www.inocapgestion.com\\\/wp-content\\\/uploads\\\/Logo.png\",\"width\":800,\"height\":116,\"caption\":\"Inocap Gestion\"},\"image\":{\"@id\":\"https:\\\/\\\/www.inocapgestion.com\\\/#\\\/schema\\\/logo\\\/image\\\/\"},\"sameAs\":[\"https:\\\/\\\/www.linkedin.com\\\/company\\\/inocap-sa\\\/posts\\\/?feedView=all\"]}]}<\/script>\n<!-- \/ Yoast SEO plugin. -->","yoast_head_json":{"title":"Current funds - Inocap Gestion","robots":{"index":"index","follow":"follow","max-snippet":"max-snippet:-1","max-image-preview":"max-image-preview:large","max-video-preview":"max-video-preview:-1"},"canonical":"https:\/\/www.inocapgestion.com\/en\/current-funds\/","og_locale":"en_US","og_type":"article","og_title":"Current funds - Inocap Gestion","og_description":"FIA during its lifetime Your newsletter FCPI QI 2020 Features NAV at December 31, 2025 23,07\u20ac Performancewithout tax benefits -76,93% Category FCPI Taxation IR Vintage 2020 IR reduction 22,5% ISF reduction 0% Minimum Fund end date 31\/12\/2026 Maximum Fund end date 31\/12\/2027 Fund duration 6 to 7 years ISIN code FR0050000274 Download DICI Regulations Brochure [&hellip;]","og_url":"https:\/\/www.inocapgestion.com\/en\/current-funds\/","og_site_name":"Inocap Gestion","article_modified_time":"2026-03-26T13:58:42+00:00","og_image":[{"url":"https:\/\/www.inocapgestion.com\/wp-content\/uploads\/2021\/09\/plaquette-QI2020-270x372.jpg","type":"","width":"","height":""}],"twitter_card":"summary_large_image","schema":{"@context":"https:\/\/schema.org","@graph":[{"@type":"WebPage","@id":"https:\/\/www.inocapgestion.com\/en\/current-funds\/","url":"https:\/\/www.inocapgestion.com\/en\/current-funds\/","name":"Current funds - Inocap Gestion","isPartOf":{"@id":"https:\/\/www.inocapgestion.com\/#website"},"primaryImageOfPage":{"@id":"https:\/\/www.inocapgestion.com\/en\/current-funds\/#primaryimage"},"image":{"@id":"https:\/\/www.inocapgestion.com\/en\/current-funds\/#primaryimage"},"thumbnailUrl":"https:\/\/www.inocapgestion.com\/wp-content\/uploads\/2021\/09\/plaquette-QI2020-270x372.jpg","datePublished":"2024-10-03T08:18:50+00:00","dateModified":"2026-03-26T13:58:42+00:00","breadcrumb":{"@id":"https:\/\/www.inocapgestion.com\/en\/current-funds\/#breadcrumb"},"inLanguage":"en-US","potentialAction":[{"@type":"ReadAction","target":["https:\/\/www.inocapgestion.com\/en\/current-funds\/"]}]},{"@type":"ImageObject","inLanguage":"en-US","@id":"https:\/\/www.inocapgestion.com\/en\/current-funds\/#primaryimage","url":"https:\/\/www.inocapgestion.com\/wp-content\/uploads\/2021\/09\/plaquette-QI2020-270x372.jpg","contentUrl":"https:\/\/www.inocapgestion.com\/wp-content\/uploads\/2021\/09\/plaquette-QI2020-270x372.jpg"},{"@type":"BreadcrumbList","@id":"https:\/\/www.inocapgestion.com\/en\/current-funds\/#breadcrumb","itemListElement":[{"@type":"ListItem","position":1,"name":"Accueil","item":"https:\/\/www.inocapgestion.com\/en\/home\/"},{"@type":"ListItem","position":2,"name":"Current funds"}]},{"@type":"WebSite","@id":"https:\/\/www.inocapgestion.com\/#website","url":"https:\/\/www.inocapgestion.com\/","name":"Inocap Gestion","description":"Soci\u00e9t\u00e9 de Gestion de portefeuilles ind\u00e9pendante","publisher":{"@id":"https:\/\/www.inocapgestion.com\/#organization"},"potentialAction":[{"@type":"SearchAction","target":{"@type":"EntryPoint","urlTemplate":"https:\/\/www.inocapgestion.com\/?s={search_term_string}"},"query-input":{"@type":"PropertyValueSpecification","valueRequired":true,"valueName":"search_term_string"}}],"inLanguage":"en-US"},{"@type":"Organization","@id":"https:\/\/www.inocapgestion.com\/#organization","name":"Inocap Gestion","url":"https:\/\/www.inocapgestion.com\/","logo":{"@type":"ImageObject","inLanguage":"en-US","@id":"https:\/\/www.inocapgestion.com\/#\/schema\/logo\/image\/","url":"https:\/\/www.inocapgestion.com\/wp-content\/uploads\/Logo.png","contentUrl":"https:\/\/www.inocapgestion.com\/wp-content\/uploads\/Logo.png","width":800,"height":116,"caption":"Inocap Gestion"},"image":{"@id":"https:\/\/www.inocapgestion.com\/#\/schema\/logo\/image\/"},"sameAs":["https:\/\/www.linkedin.com\/company\/inocap-sa\/posts\/?feedView=all"]}]}},"_links":{"self":[{"href":"https:\/\/www.inocapgestion.com\/en\/wp-json\/wp\/v2\/pages\/51927","targetHints":{"allow":["GET"]}}],"collection":[{"href":"https:\/\/www.inocapgestion.com\/en\/wp-json\/wp\/v2\/pages"}],"about":[{"href":"https:\/\/www.inocapgestion.com\/en\/wp-json\/wp\/v2\/types\/page"}],"author":[{"embeddable":true,"href":"https:\/\/www.inocapgestion.com\/en\/wp-json\/wp\/v2\/users\/1"}],"replies":[{"embeddable":true,"href":"https:\/\/www.inocapgestion.com\/en\/wp-json\/wp\/v2\/comments?post=51927"}],"version-history":[{"count":12,"href":"https:\/\/www.inocapgestion.com\/en\/wp-json\/wp\/v2\/pages\/51927\/revisions"}],"predecessor-version":[{"id":56366,"href":"https:\/\/www.inocapgestion.com\/en\/wp-json\/wp\/v2\/pages\/51927\/revisions\/56366"}],"wp:attachment":[{"href":"https:\/\/www.inocapgestion.com\/en\/wp-json\/wp\/v2\/media?parent=51927"}],"curies":[{"name":"wp","href":"https:\/\/api.w.org\/{rel}","templated":true}]}}